{"id":34,"date":"2020-02-09T04:56:45","date_gmt":"2020-02-09T04:56:45","guid":{"rendered":"http:\/\/localhost\/sites\/hochendorff\/wordpress\/?page_id=34"},"modified":"2021-08-17T11:42:19","modified_gmt":"2021-08-17T09:42:19","slug":"hardt-trae","status":"publish","type":"page","link":"https:\/\/www.hochendorff.dk\/en\/natursten-sortiment\/hardt-trae\/","title":{"rendered":"H\u00c5RDT TR\u00c6"},"content":{"rendered":"<p><div class=\"fusion-fullwidth fullwidth-box fusion-builder-row-1 nonhundred-percent-fullwidth non-hundred-percent-height-scrolling\" style=\"--awb-border-radius-top-left:0px;--awb-border-radius-top-right:0px;--awb-border-radius-bottom-right:0px;--awb-border-radius-bottom-left:0px;--awb-flex-wrap:wrap;\" ><\/div><div class=\"fusion-builder-row fusion-row\"><\/div><div class=\"fusion-layout-column fusion_builder_column fusion-builder-column-0 fusion_builder_column_1_1 1_1 fusion-one-full fusion-column-first fusion-column-last\" style=\"--awb-padding-top:36px;--awb-bg-size:cover;--awb-margin-bottom:44px;width:100%;\"><div class=\"fusion-column-wrapper fusion-column-has-shadow fusion-flex-column-wrapper-legacy\"><div class=\"fusion-clearfix\"><\/div><\/div><\/div><div class=\"fusion-text fusion-text-1\"><\/div><\/p>\n<h2>H\u00c5RDT TR\u00c6<\/h2>\n<p><div class=\"fusion-fullwidth fullwidth-box fusion-builder-row-2 fusion-flex-container nonhundred-percent-fullwidth non-hundred-percent-height-scrolling\" style=\"--awb-border-radius-top-left:0px;--awb-border-radius-top-right:0px;--awb-border-radius-bottom-right:0px;--awb-border-radius-bottom-left:0px;--awb-flex-wrap:wrap;\" ><\/div><div class=\"fusion-builder-row fusion-row fusion-flex-align-items-flex-start fusion-flex-content-wrap\" style=\"max-width:1248px;margin-left: calc(-4% \/ 2 );margin-right: calc(-4% \/ 2 );\"><\/div><\/p>\n\n<div class=\"wp-block-visual-portfolio\">\n<div class=\"vp-portfolio vp-uid-bf908297 vp-id-KQCCi\"\n\tdata-vp-layout=\"masonry\" data-vp-content-source=\"post-based\" data-vp-items-style=\"emerge\" data-vp-items-click-action=\"popup_gallery\" data-vp-items-gap=\"3\" data-vp-items-gap-vertical=\"\" data-vp-pagination=\"infinite\" data-vp-next-page-url=\"\" data-vp-random-seed=\"835917717\" data-vp-masonry-columns=\"4\" >\n\t<div class=\"vp-portfolio__preloader-wrap\">\n\t\t<div class=\"vp-portfolio__preloader\">\n\t\t\t<img decoding=\"async\" loading=\"eager\" src=\"https:\/\/www.hochendorff.dk\/wp-content\/plugins\/visual-portfolio\/assets\/images\/logo-dark.svg\" alt=\"Visual Portfolio, Posts &amp; Image Gallery for WordPress\" width=\"20\" height=\"20\" data-skip-lazy>\n\t\t<\/div>\n\t<\/div>\n\t\t<div class=\"vp-portfolio__layout-elements vp-portfolio__layout-elements-top vp-portfolio__layout-elements-align-center\">\n\t\t\t\t<div class=\"vp-portfolio__filter-wrap\">\n\t\t\n<div class=\"vp-filter vp-filter__style-minimal\">\n\t\t\t<div class=\"vp-filter__item vp-filter__item-active\">\n\t\t\t<a href=\"https:\/\/www.hochendorff.dk\/en\/wp-json\/wp\/v2\/pages\/34\" data-vp-filter=\"*\">\n\t\t\t\tAlle\n\t\t\t\t\t\t\t<\/a>\n\t\t<\/div>\n\t\t\t\t<div class=\"vp-filter__item\">\n\t\t\t<a href=\"https:\/\/www.hochendorff.dk\/en\/wp-json\/wp\/v2\/pages\/34?vp_filter=portfolio_category%3Ahardt-trae\" data-vp-filter=\"hardt-trae\">\n\t\t\t\tH\u00e5rdt Tr\u00e6\n\t\t\t\t\t\t\t<\/a>\n\t\t<\/div>\n\t\t<\/div>\n\t\t<\/div>\n\t\t\t\t<\/div>\n\t\t\t\t<div class=\"vp-portfolio__items-wrap\">\n\t\t\t\n<div class=\"vp-portfolio__items vp-portfolio__items-style-emerge vp-portfolio__items-show-overlay-hover vp-portfolio__items-show-caption-hover\">\n\n\t\t<article\t\tclass=\"vp-portfolio__item-wrap post-939 avada_portfolio type-avada_portfolio status-publish format-standard has-post-thumbnail hentry portfolio_category-hardt-trae vp-portfolio__item-uid-e7e40f51\" data-vp-filter=\"hardt-trae\" \t\t>\n\t\t\t<template class=\"vp-portfolio__item-popup\" style=\"display: none\" data-vp-popup-img=\"https:\/\/i0.wp.com\/www.hochendorff.dk\/wp-content\/uploads\/2020\/03\/Bangkirai-1.jpg?fit=1350%2C1080&#038;ssl=1\" data-vp-popup-img-srcset=\"https:\/\/i0.wp.com\/www.hochendorff.dk\/wp-content\/uploads\/2020\/03\/Bangkirai-1.jpg?resize=177%2C142&amp;ssl=1 177w, https:\/\/i0.wp.com\/www.hochendorff.dk\/wp-content\/uploads\/2020\/03\/Bangkirai-1.jpg?resize=200%2C160&amp;ssl=1 200w, https:\/\/i0.wp.com\/www.hochendorff.dk\/wp-content\/uploads\/2020\/03\/Bangkirai-1.jpg?resize=300%2C240&amp;ssl=1 300w, https:\/\/i0.wp.com\/www.hochendorff.dk\/wp-content\/uploads\/2020\/03\/Bangkirai-1.jpg?resize=400%2C320&amp;ssl=1 400w, https:\/\/i0.wp.com\/www.hochendorff.dk\/wp-content\/uploads\/2020\/03\/Bangkirai-1.jpg?resize=600%2C480&amp;ssl=1 600w, https:\/\/i0.wp.com\/www.hochendorff.dk\/wp-content\/uploads\/2020\/03\/Bangkirai-1.jpg?resize=800%2C640&amp;ssl=1 800w, https:\/\/i0.wp.com\/www.hochendorff.dk\/wp-content\/uploads\/2020\/03\/Bangkirai-1.jpg?resize=1200%2C960&amp;ssl=1 1200w, https:\/\/i0.wp.com\/www.hochendorff.dk\/wp-content\/uploads\/2020\/03\/Bangkirai-1.jpg?fit=1350%2C1080&amp;ssl=1 1350w\" data-vp-popup-img-size=\"1350x1080\" data-vp-popup-md-img=\"https:\/\/i0.wp.com\/www.hochendorff.dk\/wp-content\/uploads\/2020\/03\/Bangkirai-1.jpg?fit=800%2C640&#038;ssl=1\" data-vp-popup-md-img-size=\"800x640\" data-vp-popup-sm-img=\"https:\/\/i0.wp.com\/www.hochendorff.dk\/wp-content\/uploads\/2020\/03\/Bangkirai-1.jpg?fit=500%2C400&#038;ssl=1\" data-vp-popup-sm-img-size=\"500x400\">\n\t<\/template>\n\t\t\t\t\t\t<figure class=\"vp-portfolio__item\">\n\t\t\t\t\n<div class=\"vp-portfolio__item-img-wrap\">\n\t<div class=\"vp-portfolio__item-img\">\n\t\t\t<a\n\t\thref=\"https:\/\/www.hochendorff.dk\/en\/medier\/bangkirai\/\"\n\t\taria-label=\"Bangkirai\" \t>\n\t\n\t\t<noscript><img decoding=\"async\" width=\"1280\" height=\"1024\" data-skip-lazy src=\"https:\/\/i0.wp.com\/www.hochendorff.dk\/wp-content\/uploads\/2020\/03\/Bangkirai-1.jpg?fit=1280%2C1024&amp;ssl=1\" class=\"wp-image-1850\" alt=\"Bangkirai terrasse br\u00e6dder\" srcset=\"https:\/\/i0.wp.com\/www.hochendorff.dk\/wp-content\/uploads\/2020\/03\/Bangkirai-1.jpg?resize=177%2C142&amp;ssl=1 177w, https:\/\/i0.wp.com\/www.hochendorff.dk\/wp-content\/uploads\/2020\/03\/Bangkirai-1.jpg?resize=200%2C160&amp;ssl=1 200w, https:\/\/i0.wp.com\/www.hochendorff.dk\/wp-content\/uploads\/2020\/03\/Bangkirai-1.jpg?resize=300%2C240&amp;ssl=1 300w, https:\/\/i0.wp.com\/www.hochendorff.dk\/wp-content\/uploads\/2020\/03\/Bangkirai-1.jpg?resize=400%2C320&amp;ssl=1 400w, https:\/\/i0.wp.com\/www.hochendorff.dk\/wp-content\/uploads\/2020\/03\/Bangkirai-1.jpg?resize=600%2C480&amp;ssl=1 600w, https:\/\/i0.wp.com\/www.hochendorff.dk\/wp-content\/uploads\/2020\/03\/Bangkirai-1.jpg?resize=800%2C640&amp;ssl=1 800w, https:\/\/i0.wp.com\/www.hochendorff.dk\/wp-content\/uploads\/2020\/03\/Bangkirai-1.jpg?resize=1200%2C960&amp;ssl=1 1200w, https:\/\/i0.wp.com\/www.hochendorff.dk\/wp-content\/uploads\/2020\/03\/Bangkirai-1.jpg?fit=1350%2C1080&amp;ssl=1 1350w\" sizes=\"(max-width: 1200px) 100vw, 1200px\" \/><\/noscript><img fetchpriority=\"high\" decoding=\"async\" width=\"1280\" height=\"1024\" src=\"https:\/\/i0.wp.com\/www.hochendorff.dk\/wp-content\/uploads\/2020\/03\/Bangkirai-1.jpg?fit=1280%2C1024&amp;ssl=1\" class=\"wp-image-1850 vp-lazyload\" alt=\"Bangkirai terrasse br\u00e6dder\" srcset=\"data:image\/svg+xml;base64,PHN2ZyB3aWR0aD0iMTI4MCIgaGVpZ2h0PSIxMDI0IiB2aWV3Qm94PSIwIDAgMTI4MCAxMDI0IiBmaWxsPSJub25lIiB4bWxucz0iaHR0cDovL3d3dy53My5vcmcvMjAwMC9zdmciPjwvc3ZnPg==\" data-src=\"https:\/\/i0.wp.com\/www.hochendorff.dk\/wp-content\/uploads\/2020\/03\/Bangkirai-1.jpg?fit=1280%2C1024&amp;ssl=1\" data-srcset=\"https:\/\/i0.wp.com\/www.hochendorff.dk\/wp-content\/uploads\/2020\/03\/Bangkirai-1.jpg?resize=177%2C142&amp;ssl=1 177w, https:\/\/i0.wp.com\/www.hochendorff.dk\/wp-content\/uploads\/2020\/03\/Bangkirai-1.jpg?resize=200%2C160&amp;ssl=1 200w, https:\/\/i0.wp.com\/www.hochendorff.dk\/wp-content\/uploads\/2020\/03\/Bangkirai-1.jpg?resize=300%2C240&amp;ssl=1 300w, https:\/\/i0.wp.com\/www.hochendorff.dk\/wp-content\/uploads\/2020\/03\/Bangkirai-1.jpg?resize=400%2C320&amp;ssl=1 400w, https:\/\/i0.wp.com\/www.hochendorff.dk\/wp-content\/uploads\/2020\/03\/Bangkirai-1.jpg?resize=600%2C480&amp;ssl=1 600w, https:\/\/i0.wp.com\/www.hochendorff.dk\/wp-content\/uploads\/2020\/03\/Bangkirai-1.jpg?resize=800%2C640&amp;ssl=1 800w, https:\/\/i0.wp.com\/www.hochendorff.dk\/wp-content\/uploads\/2020\/03\/Bangkirai-1.jpg?resize=1200%2C960&amp;ssl=1 1200w, https:\/\/i0.wp.com\/www.hochendorff.dk\/wp-content\/uploads\/2020\/03\/Bangkirai-1.jpg?fit=1350%2C1080&amp;ssl=1 1350w\" data-sizes=\"auto\" loading=\"eager\">\n\t\t<div class=\"vp-portfolio__item-overlay\"><\/div>\n\n\t\t<\/a>\t<\/div>\n<\/div>\n\n\t<figcaption class=\"vp-portfolio__item-caption vp-portfolio__item-caption-text-align-center\">\n\t\t<div class=\"vp-portfolio__item-meta-wrap vp-portfolio__custom-scrollbar\">\n\t\t\t<div class=\"vp-portfolio__item-meta\">\n\t\t\t\t\n\n<div class=\"vp-portfolio__item-meta-categories\">\n\t\t\t<div class=\"vp-portfolio__item-meta-category\">\n\t\t\t\t<a\n\t\thref=\"https:\/\/www.hochendorff.dk\/en\/wp-json\/wp\/v2\/pages\/34?vp_filter=portfolio_category%3Ahardt-trae\"\n\t\t\t>\n\tH\u00e5rdt Tr\u00e6<\/a>\t\t<\/div>\n\t\t<\/div>\n\n\n<h2 class=\"vp-portfolio__item-meta-title\">\n\t\t<a\n\t\thref=\"https:\/\/www.hochendorff.dk\/en\/medier\/bangkirai\/\"\n\t\t\t>\n\tBangkirai<\/a><\/h2>\n\t\t\t<\/div>\n\t\t<\/div>\n\t<\/figcaption>\n\t\t\t<\/figure>\n\t\t\t\t\t<\/article>\n\t\t\n<\/div>\n\t\t<\/div>\n\t\t\t\t<div class=\"vp-portfolio__layout-elements vp-portfolio__layout-elements-bottom vp-portfolio__layout-elements-align-center\">\n\t\t\t\t<div class=\"vp-portfolio__pagination-wrap\">\n\t\t\t\t<\/div>\n\t\t\t\t<\/div>\n\t\t\n<\/div>\n<\/div>","protected":false},"excerpt":{"rendered":"<p>H\u00c5RDT TR\u00c6<\/p>","protected":false},"author":1,"featured_media":0,"parent":24,"menu_order":0,"comment_status":"closed","ping_status":"closed","template":"","meta":{"_crdt_document":"","_vp_format_video_url":"","_vp_image_focal_point":[],"footnotes":""},"class_list":["post-34","page","type-page","status-publish","hentry"],"yoast_head":"<!-- This site is optimized with the Yoast SEO plugin v27.5 - https:\/\/yoast.com\/product\/yoast-seo-wordpress\/ -->\n<title>H\u00c5RDT TR\u00c6 - H\u00f8chendorff<\/title>\n<meta name=\"robots\" content=\"index, follow, max-snippet:-1, max-image-preview:large, max-video-preview:-1\" \/>\n<link rel=\"canonical\" href=\"https:\/\/www.hochendorff.dk\/en\/natursten-sortiment\/hardt-trae\/\" \/>\n<meta property=\"og:locale\" content=\"en_US\" \/>\n<meta property=\"og:type\" content=\"article\" \/>\n<meta property=\"og:title\" content=\"H\u00c5RDT TR\u00c6 - H\u00f8chendorff\" \/>\n<meta property=\"og:description\" content=\"H\u00c5RDT TR\u00c6\" \/>\n<meta property=\"og:url\" content=\"https:\/\/www.hochendorff.dk\/en\/natursten-sortiment\/hardt-trae\/\" \/>\n<meta property=\"og:site_name\" content=\"H\u00f8chendorff\" \/>\n<meta property=\"article:publisher\" content=\"https:\/\/www.facebook.com\/hochendorff\/\" \/>\n<meta property=\"article:modified_time\" content=\"2021-08-17T09:42:19+00:00\" \/>\n<meta name=\"twitter:card\" content=\"summary_large_image\" \/>\n<meta name=\"twitter:label1\" content=\"Est. reading time\" \/>\n\t<meta name=\"twitter:data1\" content=\"2 minutes\" \/>\n<script type=\"application\/ld+json\" class=\"yoast-schema-graph\">{\"@context\":\"https:\\\/\\\/schema.org\",\"@graph\":[{\"@type\":\"WebPage\",\"@id\":\"https:\\\/\\\/www.hochendorff.dk\\\/natursten-sortiment\\\/hardt-trae\\\/\",\"url\":\"https:\\\/\\\/www.hochendorff.dk\\\/natursten-sortiment\\\/hardt-trae\\\/\",\"name\":\"H\u00c5RDT TR\u00c6 - H\u00f8chendorff\",\"isPartOf\":{\"@id\":\"https:\\\/\\\/www.hochendorff.dk\\\/#website\"},\"datePublished\":\"2020-02-09T04:56:45+00:00\",\"dateModified\":\"2021-08-17T09:42:19+00:00\",\"breadcrumb\":{\"@id\":\"https:\\\/\\\/www.hochendorff.dk\\\/natursten-sortiment\\\/hardt-trae\\\/#breadcrumb\"},\"inLanguage\":\"en-US\",\"potentialAction\":[{\"@type\":\"ReadAction\",\"target\":[\"https:\\\/\\\/www.hochendorff.dk\\\/natursten-sortiment\\\/hardt-trae\\\/\"]}]},{\"@type\":\"BreadcrumbList\",\"@id\":\"https:\\\/\\\/www.hochendorff.dk\\\/natursten-sortiment\\\/hardt-trae\\\/#breadcrumb\",\"itemListElement\":[{\"@type\":\"ListItem\",\"position\":1,\"name\":\"Home\",\"item\":\"https:\\\/\\\/www.hochendorff.dk\\\/\"},{\"@type\":\"ListItem\",\"position\":2,\"name\":\"Natursten\",\"item\":\"https:\\\/\\\/www.hochendorff.dk\\\/natursten-sortiment\\\/\"},{\"@type\":\"ListItem\",\"position\":3,\"name\":\"H\u00c5RDT TR\u00c6\"}]},{\"@type\":\"WebSite\",\"@id\":\"https:\\\/\\\/www.hochendorff.dk\\\/#website\",\"url\":\"https:\\\/\\\/www.hochendorff.dk\\\/\",\"name\":\"H\u00f8chendorff\",\"description\":\"Natursten\",\"publisher\":{\"@id\":\"https:\\\/\\\/www.hochendorff.dk\\\/#organization\"},\"potentialAction\":[{\"@type\":\"SearchAction\",\"target\":{\"@type\":\"EntryPoint\",\"urlTemplate\":\"https:\\\/\\\/www.hochendorff.dk\\\/?s={search_term_string}\"},\"query-input\":{\"@type\":\"PropertyValueSpecification\",\"valueRequired\":true,\"valueName\":\"search_term_string\"}}],\"inLanguage\":\"en-US\"},{\"@type\":\"Organization\",\"@id\":\"https:\\\/\\\/www.hochendorff.dk\\\/#organization\",\"name\":\"H\u00f8chendorff Natursten\",\"url\":\"https:\\\/\\\/www.hochendorff.dk\\\/\",\"logo\":{\"@type\":\"ImageObject\",\"inLanguage\":\"en-US\",\"@id\":\"https:\\\/\\\/www.hochendorff.dk\\\/#\\\/schema\\\/logo\\\/image\\\/\",\"url\":\"https:\\\/\\\/i0.wp.com\\\/www.naturestone.dk\\\/wp-content\\\/uploads\\\/2023\\\/12\\\/cropped-favicon-Hochendorff-Natursten-1.png?fit=512%2C512&ssl=1\",\"contentUrl\":\"https:\\\/\\\/i0.wp.com\\\/www.naturestone.dk\\\/wp-content\\\/uploads\\\/2023\\\/12\\\/cropped-favicon-Hochendorff-Natursten-1.png?fit=512%2C512&ssl=1\",\"width\":512,\"height\":512,\"caption\":\"H\u00f8chendorff Natursten\"},\"image\":{\"@id\":\"https:\\\/\\\/www.hochendorff.dk\\\/#\\\/schema\\\/logo\\\/image\\\/\"},\"sameAs\":[\"https:\\\/\\\/www.facebook.com\\\/hochendorff\\\/\",\"https:\\\/\\\/www.instagram.com\\\/hoechendorff\\\/?hl=en\"]}]}<\/script>\n<!-- \/ Yoast SEO plugin. -->","yoast_head_json":{"title":"H\u00c5RDT TR\u00c6 - H\u00f8chendorff","robots":{"index":"index","follow":"follow","max-snippet":"max-snippet:-1","max-image-preview":"max-image-preview:large","max-video-preview":"max-video-preview:-1"},"canonical":"https:\/\/www.hochendorff.dk\/en\/natursten-sortiment\/hardt-trae\/","og_locale":"en_US","og_type":"article","og_title":"H\u00c5RDT TR\u00c6 - H\u00f8chendorff","og_description":"H\u00c5RDT TR\u00c6","og_url":"https:\/\/www.hochendorff.dk\/en\/natursten-sortiment\/hardt-trae\/","og_site_name":"H\u00f8chendorff","article_publisher":"https:\/\/www.facebook.com\/hochendorff\/","article_modified_time":"2021-08-17T09:42:19+00:00","twitter_card":"summary_large_image","twitter_misc":{"Est. reading time":"2 minutes"},"schema":{"@context":"https:\/\/schema.org","@graph":[{"@type":"WebPage","@id":"https:\/\/www.hochendorff.dk\/natursten-sortiment\/hardt-trae\/","url":"https:\/\/www.hochendorff.dk\/natursten-sortiment\/hardt-trae\/","name":"H\u00c5RDT TR\u00c6 - H\u00f8chendorff","isPartOf":{"@id":"https:\/\/www.hochendorff.dk\/#website"},"datePublished":"2020-02-09T04:56:45+00:00","dateModified":"2021-08-17T09:42:19+00:00","breadcrumb":{"@id":"https:\/\/www.hochendorff.dk\/natursten-sortiment\/hardt-trae\/#breadcrumb"},"inLanguage":"en-US","potentialAction":[{"@type":"ReadAction","target":["https:\/\/www.hochendorff.dk\/natursten-sortiment\/hardt-trae\/"]}]},{"@type":"BreadcrumbList","@id":"https:\/\/www.hochendorff.dk\/natursten-sortiment\/hardt-trae\/#breadcrumb","itemListElement":[{"@type":"ListItem","position":1,"name":"Home","item":"https:\/\/www.hochendorff.dk\/"},{"@type":"ListItem","position":2,"name":"Natursten","item":"https:\/\/www.hochendorff.dk\/natursten-sortiment\/"},{"@type":"ListItem","position":3,"name":"H\u00c5RDT TR\u00c6"}]},{"@type":"WebSite","@id":"https:\/\/www.hochendorff.dk\/#website","url":"https:\/\/www.hochendorff.dk\/","name":"H\u00f8chendorff","description":"Natursten","publisher":{"@id":"https:\/\/www.hochendorff.dk\/#organization"},"potentialAction":[{"@type":"SearchAction","target":{"@type":"EntryPoint","urlTemplate":"https:\/\/www.hochendorff.dk\/?s={search_term_string}"},"query-input":{"@type":"PropertyValueSpecification","valueRequired":true,"valueName":"search_term_string"}}],"inLanguage":"en-US"},{"@type":"Organization","@id":"https:\/\/www.hochendorff.dk\/#organization","name":"H\u00f8chendorff Natursten","url":"https:\/\/www.hochendorff.dk\/","logo":{"@type":"ImageObject","inLanguage":"en-US","@id":"https:\/\/www.hochendorff.dk\/#\/schema\/logo\/image\/","url":"https:\/\/i0.wp.com\/www.naturestone.dk\/wp-content\/uploads\/2023\/12\/cropped-favicon-Hochendorff-Natursten-1.png?fit=512%2C512&ssl=1","contentUrl":"https:\/\/i0.wp.com\/www.naturestone.dk\/wp-content\/uploads\/2023\/12\/cropped-favicon-Hochendorff-Natursten-1.png?fit=512%2C512&ssl=1","width":512,"height":512,"caption":"H\u00f8chendorff Natursten"},"image":{"@id":"https:\/\/www.hochendorff.dk\/#\/schema\/logo\/image\/"},"sameAs":["https:\/\/www.facebook.com\/hochendorff\/","https:\/\/www.instagram.com\/hoechendorff\/?hl=en"]}]}},"_links":{"self":[{"href":"https:\/\/www.hochendorff.dk\/en\/wp-json\/wp\/v2\/pages\/34","targetHints":{"allow":["GET"]}}],"collection":[{"href":"https:\/\/www.hochendorff.dk\/en\/wp-json\/wp\/v2\/pages"}],"about":[{"href":"https:\/\/www.hochendorff.dk\/en\/wp-json\/wp\/v2\/types\/page"}],"author":[{"embeddable":true,"href":"https:\/\/www.hochendorff.dk\/en\/wp-json\/wp\/v2\/users\/1"}],"replies":[{"embeddable":true,"href":"https:\/\/www.hochendorff.dk\/en\/wp-json\/wp\/v2\/comments?post=34"}],"version-history":[{"count":4,"href":"https:\/\/www.hochendorff.dk\/en\/wp-json\/wp\/v2\/pages\/34\/revisions"}],"predecessor-version":[{"id":2827,"href":"https:\/\/www.hochendorff.dk\/en\/wp-json\/wp\/v2\/pages\/34\/revisions\/2827"}],"up":[{"embeddable":true,"href":"https:\/\/www.hochendorff.dk\/en\/wp-json\/wp\/v2\/pages\/24"}],"wp:attachment":[{"href":"https:\/\/www.hochendorff.dk\/en\/wp-json\/wp\/v2\/media?parent=34"}],"curies":[{"name":"wp","href":"https:\/\/api.w.org\/{rel}","templated":true}]}}