{"id":18,"date":"2020-02-09T04:52:06","date_gmt":"2020-02-09T04:52:06","guid":{"rendered":"http:\/\/localhost\/sites\/hochendorff\/wordpress\/?page_id=18"},"modified":"2025-02-25T10:52:38","modified_gmt":"2025-02-25T09:52:38","slug":"kontakt-information","status":"publish","type":"page","link":"https:\/\/www.hochendorff.dk\/en\/kontakt-information\/","title":{"rendered":"KONTAKT"},"content":{"rendered":"<div class=\"fusion-fullwidth fullwidth-box fusion-builder-row-1 nonhundred-percent-fullwidth non-hundred-percent-height-scrolling\" style=\"--awb-background-position:center bottom;--awb-border-sizes-top:0px;--awb-border-sizes-bottom:0px;--awb-border-sizes-left:0px;--awb-border-sizes-right:0px;--awb-border-radius-top-left:0px;--awb-border-radius-top-right:0px;--awb-border-radius-bottom-right:0px;--awb-border-radius-bottom-left:0px;--awb-padding-top:0px;--awb-padding-bottom:110px;--awb-flex-wrap:wrap;\" ><div class=\"fusion-builder-row fusion-row\"><div class=\"fusion-layout-column fusion_builder_column fusion-builder-column-0 fusion_builder_column_1_1 1_1 fusion-one-full fusion-column-first fusion-column-last fusion-column-no-min-height\" style=\"--awb-bg-size:cover;--awb-margin-bottom:0px;\"><div class=\"fusion-column-wrapper fusion-flex-column-wrapper-legacy\"><div class=\"fusion-text fusion-text-1\"><h2 class=\"\" style=\"--fontsize: 28; line-height: 1.36;\" data-fontsize=\"28\" data-lineheight=\"38.08px\"><span style=\"color: #595959;\">KONTAKT OS<\/span><\/h2>\n<p><span style=\"color: #595959;\"><br \/><\/span><\/p>\n<p><span style=\"color: #595959;\">Har du sp\u00f8rgsm\u00e5l, leder efter hj\u00e6lp eller en bestilling, s\u00e5 skriv gerne til os i kontaktformularen herunder &#8211; Vi svarer hurtigst muligt!<\/span><\/p>\n<\/div><div class=\"fusion-text fusion-text-2\"><\/div><div class=\"fusion-clearfix\"><\/div><\/div><\/div><div class=\"fusion-layout-column fusion_builder_column fusion-builder-column-1 fusion_builder_column_1_2 1_2 fusion-one-half fusion-column-first\" style=\"--awb-bg-size:cover;width:48%; margin-right: 4%;\"><div class=\"fusion-column-wrapper fusion-flex-column-wrapper-legacy\">\n<div class=\"wpcf7 no-js\" id=\"wpcf7-f40-o1\" lang=\"en-US\" dir=\"ltr\" data-wpcf7-id=\"40\">\n<div class=\"screen-reader-response\"><p role=\"status\" aria-live=\"polite\" aria-atomic=\"true\"><\/p> <ul><\/ul><\/div>\n<form action=\"\/en\/wp-json\/wp\/v2\/pages\/18#wpcf7-f40-o1\" method=\"post\" class=\"wpcf7-form init\" aria-label=\"Contact form\" novalidate=\"novalidate\" data-status=\"init\" data-trp-original-action=\"\/en\/wp-json\/wp\/v2\/pages\/18#wpcf7-f40-o1\">\n<fieldset class=\"hidden-fields-container\"><input type=\"hidden\" name=\"_wpcf7\" value=\"40\" \/><input type=\"hidden\" name=\"_wpcf7_version\" value=\"6.1.5\" \/><input type=\"hidden\" name=\"_wpcf7_locale\" value=\"en_US\" \/><input type=\"hidden\" name=\"_wpcf7_unit_tag\" value=\"wpcf7-f40-o1\" \/><input type=\"hidden\" name=\"_wpcf7_container_post\" value=\"0\" \/><input type=\"hidden\" name=\"_wpcf7_posted_data_hash\" value=\"\" \/><input type=\"hidden\" name=\"_wpcf7_recaptcha_response\" value=\"\" \/>\n<\/fieldset>\n<p><label> Navn (Skal udfyldes)<br \/>\n<span class=\"wpcf7-form-control-wrap\" data-name=\"your-name\"><input size=\"40\" maxlength=\"400\" class=\"wpcf7-form-control wpcf7-text wpcf7-validates-as-required\" aria-required=\"true\" aria-invalid=\"false\" value=\"\" type=\"text\" name=\"your-name\" \/><\/span> <\/label>\n<\/p>\n<p><label> Email (Skal udfyldes)<br \/>\n<span class=\"wpcf7-form-control-wrap\" data-name=\"your-email\"><input size=\"40\" maxlength=\"400\" class=\"wpcf7-form-control wpcf7-email wpcf7-validates-as-required wpcf7-text wpcf7-validates-as-email\" aria-required=\"true\" aria-invalid=\"false\" value=\"\" type=\"email\" name=\"your-email\" \/><\/span> <\/label>\n<\/p>\n<p><label> Emne (Skal udfyldes)<br \/>\n<span class=\"wpcf7-form-control-wrap\" data-name=\"your-subject\"><input size=\"40\" maxlength=\"400\" class=\"wpcf7-form-control wpcf7-text wpcf7-validates-as-required\" aria-required=\"true\" aria-invalid=\"false\" value=\"\" type=\"text\" name=\"your-subject\" \/><\/span> <\/label>\n<\/p>\n<p><label> Besked (Skal udfyldes)<br \/>\n<span class=\"wpcf7-form-control-wrap\" data-name=\"your-message\"><textarea cols=\"40\" rows=\"10\" maxlength=\"2000\" class=\"wpcf7-form-control wpcf7-textarea wpcf7-validates-as-required\" aria-required=\"true\" aria-invalid=\"false\" name=\"your-message\"><\/textarea><\/span> <\/label>\n<\/p>\n<p><input class=\"wpcf7-form-control wpcf7-submit has-spinner\" type=\"submit\" value=\"Send\" \/>\n<\/p><p style=\"display: none !important;\" class=\"akismet-fields-container\" data-prefix=\"_wpcf7_ak_\"><label>&#916;<textarea name=\"_wpcf7_ak_hp_textarea\" cols=\"45\" rows=\"8\" maxlength=\"100\"><\/textarea><\/label><input type=\"hidden\" id=\"ak_js_1\" name=\"_wpcf7_ak_js\" value=\"64\"\/><script>document.getElementById( \"ak_js_1\" ).setAttribute( \"value\", ( new Date() ).getTime() );<\/script><\/p><div class=\"fusion-alert alert custom alert-custom fusion-alert-center wpcf7-response-output fusion-alert-capitalize awb-alert-native-link-color alert-dismissable awb-alert-close-boxed\" style=\"--awb-border-top-left-radius:0px;--awb-border-top-right-radius:0px;--awb-border-bottom-left-radius:0px;--awb-border-bottom-right-radius:0px;\" role=\"alert\"><div class=\"fusion-alert-content-wrapper\"><span class=\"fusion-alert-content\"><\/span><\/div><button type=\"button\" class=\"close toggle-alert\" data-dismiss=\"alert\" aria-label=\"Close\">&times;<\/button><\/div>\n<input type=\"hidden\" name=\"trp-form-language\" value=\"en\"\/><\/form>\n<\/div>\n<div class=\"fusion-clearfix\"><\/div><\/div><\/div><div class=\"fusion-layout-column fusion_builder_column fusion-builder-column-2 fusion_builder_column_1_2 1_2 fusion-one-half fusion-column-last\" style=\"--awb-bg-size:cover;width:48%;\"><div class=\"fusion-column-wrapper fusion-flex-column-wrapper-legacy\"><div class=\"fusion-text fusion-text-3\"><p><strong>H\u00f8chendorff ApS<\/strong><br \/>\n<span style=\"color: #595959;\"> Knudslund All\u00e9 11,<\/span><br \/>\n<span style=\"color: #595959;\">4100 Ringsted<\/span><br \/>\nTelefon: +45 25 74 67 97<br \/>\n<span style=\"color: #595959;\"> Email:<\/span><span style=\"color: #595959;\"> Bo@Hochendorff.dk<br \/>\n<\/span><\/p>\n<\/div><div class=\"fusion-social-links fusion-social-links-1\" style=\"--awb-margin-top:0px;--awb-margin-right:0px;--awb-margin-bottom:0px;--awb-margin-left:0px;--awb-box-border-top:0px;--awb-box-border-right:0px;--awb-box-border-bottom:0px;--awb-box-border-left:0px;--awb-icon-colors-hover:rgba(190,189,189,0.8);--awb-box-colors-hover:rgba(232,232,232,0.8);--awb-box-border-color:var(--awb-color3);--awb-box-border-color-hover:var(--awb-color4);\"><div class=\"fusion-social-networks boxed-icons color-type-custom\"><div class=\"fusion-social-networks-wrapper\"><a class=\"fusion-social-network-icon fusion-tooltip fusion-facebook awb-icon-facebook\" style=\"color:#bebdbd;font-size:16px;width:16px;background-color:#e8e8e8;border-color:#e8e8e8;border-radius:2px;\" data-placement=\"top\" data-title=\"Facebook\" data-toggle=\"tooltip\" title=\"Facebook\" aria-label=\"facebook\" target=\"_blank\" rel=\"noopener noreferrer\" href=\"https:\/\/www.facebook.com\/hochendorff\/\"><\/a><a class=\"fusion-social-network-icon fusion-tooltip fusion-instagram awb-icon-instagram\" style=\"color:#bebdbd;font-size:16px;width:16px;background-color:#e8e8e8;border-color:#e8e8e8;border-radius:2px;\" data-placement=\"top\" data-title=\"Instagram\" data-toggle=\"tooltip\" title=\"Instagram\" aria-label=\"instagram\" target=\"_blank\" rel=\"noopener noreferrer\" href=\"https:\/\/www.instagram.com\/hoechendorff\/?hl=en\"><\/a><\/div><\/div><\/div><div class=\"shortcode-map fusion-google-map fusion-maps-embed-type\"><iframe width=\"100%\" height=\"300px\" frameborder=\"0\" style=\"border:0\" data-src=\"https:\/\/www.google.com\/maps\/embed\/v1\/place?key=AIzaSyAkqOen6KJqtkB_G1TYGUaypU1dtJZOCGY&language=en&q=H\u00f8chendorff+skifer+og+granit+ApS&maptype=roadmap&zoom=16\" allowfullscreen src=\"data:image\/svg+xml;base64,PHN2ZyB3aWR0aD0iMSIgaGVpZ2h0PSIxIiB4bWxucz0iaHR0cDovL3d3dy53My5vcmcvMjAwMC9zdmciPjwvc3ZnPg==\" class=\"lazyload\" data-load-mode=\"1\"><\/iframe><\/div><div class=\"fusion-clearfix\"><\/div><\/div><\/div><\/div><\/div>","protected":false},"excerpt":{"rendered":"","protected":false},"author":1,"featured_media":0,"parent":0,"menu_order":0,"comment_status":"closed","ping_status":"closed","template":"100-width.php","meta":{"_crdt_document":"","_vp_format_video_url":"","_vp_image_focal_point":[],"footnotes":""},"class_list":["post-18","page","type-page","status-publish","hentry"],"yoast_head":"<!-- This site is optimized with the Yoast SEO plugin v27.5 - https:\/\/yoast.com\/product\/yoast-seo-wordpress\/ -->\n<title>KONTAKT INFORMATION - H\u00f8chendorff<\/title>\n<meta name=\"description\" content=\"Her er vores Kontakt information - Har du sp\u00f8rgsm\u00e5l, leder efter hj\u00e6lp eller en bestilling, s\u00e5 skriv gerne til os\" \/>\n<meta name=\"robots\" content=\"index, follow, max-snippet:-1, max-image-preview:large, max-video-preview:-1\" \/>\n<link rel=\"canonical\" href=\"https:\/\/www.hochendorff.dk\/en\/kontakt-information\/\" \/>\n<meta property=\"og:locale\" content=\"en_US\" \/>\n<meta property=\"og:type\" content=\"article\" \/>\n<meta property=\"og:title\" content=\"KONTAKT INFORMATION - H\u00f8chendorff\" \/>\n<meta property=\"og:description\" content=\"Her er vores Kontakt information - Har du sp\u00f8rgsm\u00e5l, leder efter hj\u00e6lp eller en bestilling, s\u00e5 skriv gerne til os\" \/>\n<meta property=\"og:url\" content=\"https:\/\/www.hochendorff.dk\/en\/kontakt-information\/\" \/>\n<meta property=\"og:site_name\" content=\"H\u00f8chendorff\" \/>\n<meta property=\"article:publisher\" content=\"https:\/\/www.facebook.com\/hochendorff\/\" \/>\n<meta property=\"article:modified_time\" content=\"2025-02-25T09:52:38+00:00\" \/>\n<meta name=\"twitter:card\" content=\"summary_large_image\" \/>\n<meta name=\"twitter:label1\" content=\"Est. reading time\" \/>\n\t<meta name=\"twitter:data1\" content=\"2 minutes\" \/>\n<script type=\"application\/ld+json\" class=\"yoast-schema-graph\">{\"@context\":\"https:\\\/\\\/schema.org\",\"@graph\":[{\"@type\":\"WebPage\",\"@id\":\"https:\\\/\\\/www.hochendorff.dk\\\/kontakt-information\\\/\",\"url\":\"https:\\\/\\\/www.hochendorff.dk\\\/kontakt-information\\\/\",\"name\":\"KONTAKT INFORMATION - H\u00f8chendorff\",\"isPartOf\":{\"@id\":\"https:\\\/\\\/www.hochendorff.dk\\\/#website\"},\"datePublished\":\"2020-02-09T04:52:06+00:00\",\"dateModified\":\"2025-02-25T09:52:38+00:00\",\"description\":\"Her er vores Kontakt information - Har du sp\u00f8rgsm\u00e5l, leder efter hj\u00e6lp eller en bestilling, s\u00e5 skriv gerne til os\",\"breadcrumb\":{\"@id\":\"https:\\\/\\\/www.hochendorff.dk\\\/kontakt-information\\\/#breadcrumb\"},\"inLanguage\":\"en-US\",\"potentialAction\":[{\"@type\":\"ReadAction\",\"target\":[\"https:\\\/\\\/www.hochendorff.dk\\\/kontakt-information\\\/\"]}]},{\"@type\":\"BreadcrumbList\",\"@id\":\"https:\\\/\\\/www.hochendorff.dk\\\/kontakt-information\\\/#breadcrumb\",\"itemListElement\":[{\"@type\":\"ListItem\",\"position\":1,\"name\":\"Home\",\"item\":\"https:\\\/\\\/www.hochendorff.dk\\\/\"},{\"@type\":\"ListItem\",\"position\":2,\"name\":\"KONTAKT\"}]},{\"@type\":\"WebSite\",\"@id\":\"https:\\\/\\\/www.hochendorff.dk\\\/#website\",\"url\":\"https:\\\/\\\/www.hochendorff.dk\\\/\",\"name\":\"H\u00f8chendorff\",\"description\":\"Natursten\",\"publisher\":{\"@id\":\"https:\\\/\\\/www.hochendorff.dk\\\/#organization\"},\"potentialAction\":[{\"@type\":\"SearchAction\",\"target\":{\"@type\":\"EntryPoint\",\"urlTemplate\":\"https:\\\/\\\/www.hochendorff.dk\\\/?s={search_term_string}\"},\"query-input\":{\"@type\":\"PropertyValueSpecification\",\"valueRequired\":true,\"valueName\":\"search_term_string\"}}],\"inLanguage\":\"en-US\"},{\"@type\":\"Organization\",\"@id\":\"https:\\\/\\\/www.hochendorff.dk\\\/#organization\",\"name\":\"H\u00f8chendorff Natursten\",\"url\":\"https:\\\/\\\/www.hochendorff.dk\\\/\",\"logo\":{\"@type\":\"ImageObject\",\"inLanguage\":\"en-US\",\"@id\":\"https:\\\/\\\/www.hochendorff.dk\\\/#\\\/schema\\\/logo\\\/image\\\/\",\"url\":\"https:\\\/\\\/i0.wp.com\\\/www.naturestone.dk\\\/wp-content\\\/uploads\\\/2023\\\/12\\\/cropped-favicon-Hochendorff-Natursten-1.png?fit=512%2C512&ssl=1\",\"contentUrl\":\"https:\\\/\\\/i0.wp.com\\\/www.naturestone.dk\\\/wp-content\\\/uploads\\\/2023\\\/12\\\/cropped-favicon-Hochendorff-Natursten-1.png?fit=512%2C512&ssl=1\",\"width\":512,\"height\":512,\"caption\":\"H\u00f8chendorff Natursten\"},\"image\":{\"@id\":\"https:\\\/\\\/www.hochendorff.dk\\\/#\\\/schema\\\/logo\\\/image\\\/\"},\"sameAs\":[\"https:\\\/\\\/www.facebook.com\\\/hochendorff\\\/\",\"https:\\\/\\\/www.instagram.com\\\/hoechendorff\\\/?hl=en\"]}]}<\/script>\n<!-- \/ Yoast SEO plugin. -->","yoast_head_json":{"title":"KONTAKT INFORMATION - H\u00f8chendorff","description":"Her er vores Kontakt information - Har du sp\u00f8rgsm\u00e5l, leder efter hj\u00e6lp eller en bestilling, s\u00e5 skriv gerne til os","robots":{"index":"index","follow":"follow","max-snippet":"max-snippet:-1","max-image-preview":"max-image-preview:large","max-video-preview":"max-video-preview:-1"},"canonical":"https:\/\/www.hochendorff.dk\/en\/kontakt-information\/","og_locale":"en_US","og_type":"article","og_title":"KONTAKT INFORMATION - H\u00f8chendorff","og_description":"Her er vores Kontakt information - Har du sp\u00f8rgsm\u00e5l, leder efter hj\u00e6lp eller en bestilling, s\u00e5 skriv gerne til os","og_url":"https:\/\/www.hochendorff.dk\/en\/kontakt-information\/","og_site_name":"H\u00f8chendorff","article_publisher":"https:\/\/www.facebook.com\/hochendorff\/","article_modified_time":"2025-02-25T09:52:38+00:00","twitter_card":"summary_large_image","twitter_misc":{"Est. reading time":"2 minutes"},"schema":{"@context":"https:\/\/schema.org","@graph":[{"@type":"WebPage","@id":"https:\/\/www.hochendorff.dk\/kontakt-information\/","url":"https:\/\/www.hochendorff.dk\/kontakt-information\/","name":"KONTAKT INFORMATION - H\u00f8chendorff","isPartOf":{"@id":"https:\/\/www.hochendorff.dk\/#website"},"datePublished":"2020-02-09T04:52:06+00:00","dateModified":"2025-02-25T09:52:38+00:00","description":"Her er vores Kontakt information - Har du sp\u00f8rgsm\u00e5l, leder efter hj\u00e6lp eller en bestilling, s\u00e5 skriv gerne til os","breadcrumb":{"@id":"https:\/\/www.hochendorff.dk\/kontakt-information\/#breadcrumb"},"inLanguage":"en-US","potentialAction":[{"@type":"ReadAction","target":["https:\/\/www.hochendorff.dk\/kontakt-information\/"]}]},{"@type":"BreadcrumbList","@id":"https:\/\/www.hochendorff.dk\/kontakt-information\/#breadcrumb","itemListElement":[{"@type":"ListItem","position":1,"name":"Home","item":"https:\/\/www.hochendorff.dk\/"},{"@type":"ListItem","position":2,"name":"KONTAKT"}]},{"@type":"WebSite","@id":"https:\/\/www.hochendorff.dk\/#website","url":"https:\/\/www.hochendorff.dk\/","name":"H\u00f8chendorff","description":"Natursten","publisher":{"@id":"https:\/\/www.hochendorff.dk\/#organization"},"potentialAction":[{"@type":"SearchAction","target":{"@type":"EntryPoint","urlTemplate":"https:\/\/www.hochendorff.dk\/?s={search_term_string}"},"query-input":{"@type":"PropertyValueSpecification","valueRequired":true,"valueName":"search_term_string"}}],"inLanguage":"en-US"},{"@type":"Organization","@id":"https:\/\/www.hochendorff.dk\/#organization","name":"H\u00f8chendorff Natursten","url":"https:\/\/www.hochendorff.dk\/","logo":{"@type":"ImageObject","inLanguage":"en-US","@id":"https:\/\/www.hochendorff.dk\/#\/schema\/logo\/image\/","url":"https:\/\/i0.wp.com\/www.naturestone.dk\/wp-content\/uploads\/2023\/12\/cropped-favicon-Hochendorff-Natursten-1.png?fit=512%2C512&ssl=1","contentUrl":"https:\/\/i0.wp.com\/www.naturestone.dk\/wp-content\/uploads\/2023\/12\/cropped-favicon-Hochendorff-Natursten-1.png?fit=512%2C512&ssl=1","width":512,"height":512,"caption":"H\u00f8chendorff Natursten"},"image":{"@id":"https:\/\/www.hochendorff.dk\/#\/schema\/logo\/image\/"},"sameAs":["https:\/\/www.facebook.com\/hochendorff\/","https:\/\/www.instagram.com\/hoechendorff\/?hl=en"]}]}},"_links":{"self":[{"href":"https:\/\/www.hochendorff.dk\/en\/wp-json\/wp\/v2\/pages\/18","targetHints":{"allow":["GET"]}}],"collection":[{"href":"https:\/\/www.hochendorff.dk\/en\/wp-json\/wp\/v2\/pages"}],"about":[{"href":"https:\/\/www.hochendorff.dk\/en\/wp-json\/wp\/v2\/types\/page"}],"author":[{"embeddable":true,"href":"https:\/\/www.hochendorff.dk\/en\/wp-json\/wp\/v2\/users\/1"}],"replies":[{"embeddable":true,"href":"https:\/\/www.hochendorff.dk\/en\/wp-json\/wp\/v2\/comments?post=18"}],"version-history":[{"count":19,"href":"https:\/\/www.hochendorff.dk\/en\/wp-json\/wp\/v2\/pages\/18\/revisions"}],"predecessor-version":[{"id":4618,"href":"https:\/\/www.hochendorff.dk\/en\/wp-json\/wp\/v2\/pages\/18\/revisions\/4618"}],"wp:attachment":[{"href":"https:\/\/www.hochendorff.dk\/en\/wp-json\/wp\/v2\/media?parent=18"}],"curies":[{"name":"wp","href":"https:\/\/api.w.org\/{rel}","templated":true}]}}