{"id":16,"date":"2020-02-09T04:51:50","date_gmt":"2020-02-09T04:51:50","guid":{"rendered":"http:\/\/localhost\/sites\/hochendorff\/wordpress\/?page_id=16"},"modified":"2026-01-07T14:36:20","modified_gmt":"2026-01-07T13:36:20","slug":"om-os","status":"publish","type":"page","link":"https:\/\/www.hochendorff.dk\/en\/om-os\/","title":{"rendered":"OM OS"},"content":{"rendered":"<p><div class=\"fusion-fullwidth fullwidth-box fusion-builder-row-1 nonhundred-percent-fullwidth non-hundred-percent-height-scrolling\" style=\"--awb-background-position:left top;--awb-border-sizes-top:0px;--awb-border-sizes-bottom:0px;--awb-border-sizes-left:0px;--awb-border-sizes-right:0px;--awb-border-radius-top-left:0px;--awb-border-radius-top-right:0px;--awb-border-radius-bottom-right:0px;--awb-border-radius-bottom-left:0px;--awb-padding-top:0px;--awb-padding-bottom:0px;--awb-background-color:#ffffff;--awb-flex-wrap:wrap;\" ><div class=\"fusion-builder-row fusion-row\"><div class=\"fusion-layout-column fusion_builder_column fusion-builder-column-0 fusion_builder_column_1_2 1_2 fusion-one-half fusion-column-first\" style=\"--awb-bg-blend:overlay;--awb-bg-size:cover;width:48%; margin-right: 4%;\"><div class=\"fusion-column-wrapper fusion-flex-column-wrapper-legacy\"><div class=\"fusion-text fusion-text-1\"><h2 data-fontsize=\"28\" data-lineheight=\"38\">Om os<br \/><\/h2>\n<\/div><div class=\"fusion-sep-clear\"><\/div><div class=\"fusion-separator fusion-clearfix\" style=\"float:left;margin-top:0px;margin-bottom:35px;width:100%;max-width:170px;\"><div class=\"fusion-separator-border sep-single sep-solid\" style=\"--awb-height:20px;--awb-amount:20px;--awb-sep-color:#595959;border-color:#595959;border-top-width:1px;\"><\/div><\/div><div class=\"fusion-sep-clear\"><\/div><div class=\"fusion-text fusion-text-2\"><h3 data-fontsize=\"24\" data-lineheight=\"48\"><em>H\u00f8chendorff, leverand\u00f8r af naturstens materialer til hele Danmark.<\/em><\/h3>\n<\/div><div class=\"fusion-sep-clear\"><\/div><div class=\"fusion-separator fusion-clearfix\" style=\"float:left;margin-top:0px;margin-bottom:35px;width:100%;max-width:170px;\"><\/div><div class=\"fusion-sep-clear\"><\/div><div class=\"fusion-text fusion-text-3\"><div>\n<p>Velkommen til H\u00f8chendorff Natursten, din p\u00e5lidelige partner inden for b\u00e6redygtige og skr\u00e6ddersyede naturstenl\u00f8sninger. Med over 20 \u00e5rs erfaring er vi stolte af at v\u00e6re en central akt\u00f8r i Danmark, hvor vi dstributiere vores natursten til hele landet.<\/p>\n<p>Hos H\u00f8chendorff Natursten er b\u00e6redygtighed ikke bare et dagligdags udtryk; det er en grundl\u00e6ggende v\u00e6rdi. Vi er forpligtede til at skabe smukke og holdbare l\u00f8sninger med minimal milj\u00f8p\u00e5virkning. Vores omhyggeligt udvalgte natursten respekterer naturens sk\u00f8nhed og integritet, og vi arbejder h\u00e5rdt p\u00e5 at minimere vores \u00f8kologiske fodspor i hele vores produktionsprocesser.<\/p>\n<p>Vi forst\u00e5r, at hver kunde og hvert projekt er unikt. Derfor tilbyder vi individuelle og skr\u00e6ddersyede l\u00f8sninger, der passer til dine specifikke behov og \u00e6stetiske visioner. Vores dedikerede team er her for at samarbejde med dig og sikre, at dine forventninger indfries.<\/p>\n<p>For os er kundens oplevelse altafg\u00f8rende. Vi str\u00e6ber efter at levere en problemfri og tilfredsstillende oplevelse fra den f\u00f8rste henvendelse til levering og installation. Kundetilfredshed er ikke blot vores m\u00e5l, det er vores drivkraft.<\/p>\n<\/div>\n<div>\n<\/div>\n<\/div><div class=\"fusion-clearfix\"><\/div><\/div><\/div><div class=\"fusion-layout-column fusion_builder_column fusion-builder-column-1 fusion_builder_column_1_2 1_2 fusion-one-half fusion-column-last\" style=\"--awb-bg-blend:overlay;--awb-bg-size:cover;width:48%;\"><div class=\"fusion-column-wrapper fusion-flex-column-wrapper-legacy\"><div class=\"fusion-image-element in-legacy-container\" style=\"--awb-caption-title-font-family:var(--h2_typography-font-family);--awb-caption-title-font-weight:var(--h2_typography-font-weight);--awb-caption-title-font-style:var(--h2_typography-font-style);--awb-caption-title-size:var(--h2_typography-font-size);--awb-caption-title-transform:var(--h2_typography-text-transform);--awb-caption-title-line-height:var(--h2_typography-line-height);--awb-caption-title-letter-spacing:var(--h2_typography-letter-spacing);\"><span class=\" fusion-imageframe imageframe-dropshadow imageframe-1 hover-type-zoomin fusion-animated\" style=\"-webkit-box-shadow: 1px 1px 5px rgba(0,0,0,0.3);box-shadow: 1px 1px 5px rgba(0,0,0,0.3);\" data-animationType=\"fadeInDown\" data-animationDuration=\"1\" data-animationOffset=\"top-into-view\"><a href=\"https:\/\/i0.wp.com\/www.naturestone.dk\/wp-content\/uploads\/2021\/08\/IMG_0798-scaled.jpg?ssl=1\" class=\"fusion-lightbox\" data-rel=\"iLightbox[4ba2f6895a78dacdbbd]\" data-title=\"IMG_0798\" title=\"IMG_0798\"><noscript><img data-recalc-dims=\"1\" decoding=\"async\" width=\"1200\" height=\"900\" data-skip-lazy src=\"https:\/\/i0.wp.com\/www.naturestone.dk\/wp-content\/uploads\/2021\/08\/IMG_0798-scaled.jpg?resize=1200%2C900&#038;ssl=1\" alt class=\"img-responsive wp-image-2819\" srcset=\"https:\/\/i0.wp.com\/www.hochendorff.dk\/wp-content\/uploads\/2021\/08\/IMG_0798-scaled.jpg?resize=16%2C12&amp;ssl=1 16w, https:\/\/i0.wp.com\/www.hochendorff.dk\/wp-content\/uploads\/2021\/08\/IMG_0798-scaled.jpg?resize=200%2C150&amp;ssl=1 200w, https:\/\/i0.wp.com\/www.hochendorff.dk\/wp-content\/uploads\/2021\/08\/IMG_0798-scaled.jpg?resize=300%2C225&amp;ssl=1 300w, https:\/\/i0.wp.com\/www.hochendorff.dk\/wp-content\/uploads\/2021\/08\/IMG_0798-scaled.jpg?resize=400%2C300&amp;ssl=1 400w, https:\/\/i0.wp.com\/www.hochendorff.dk\/wp-content\/uploads\/2021\/08\/IMG_0798-scaled.jpg?resize=500%2C375&amp;ssl=1 500w, https:\/\/i0.wp.com\/www.hochendorff.dk\/wp-content\/uploads\/2021\/08\/IMG_0798-scaled.jpg?resize=600%2C450&amp;ssl=1 600w, https:\/\/i0.wp.com\/www.hochendorff.dk\/wp-content\/uploads\/2021\/08\/IMG_0798-scaled.jpg?resize=768%2C576&amp;ssl=1 768w, https:\/\/i0.wp.com\/www.hochendorff.dk\/wp-content\/uploads\/2021\/08\/IMG_0798-scaled.jpg?resize=800%2C600&amp;ssl=1 800w, https:\/\/i0.wp.com\/www.hochendorff.dk\/wp-content\/uploads\/2021\/08\/IMG_0798-scaled.jpg?resize=1024%2C768&amp;ssl=1 1024w, https:\/\/i0.wp.com\/www.hochendorff.dk\/wp-content\/uploads\/2021\/08\/IMG_0798-scaled.jpg?resize=1200%2C900&amp;ssl=1 1200w, https:\/\/i0.wp.com\/www.hochendorff.dk\/wp-content\/uploads\/2021\/08\/IMG_0798-scaled.jpg?resize=1280%2C960&amp;ssl=1 1280w, https:\/\/i0.wp.com\/www.hochendorff.dk\/wp-content\/uploads\/2021\/08\/IMG_0798-scaled.jpg?resize=1536%2C1152&amp;ssl=1 1536w, https:\/\/i0.wp.com\/www.hochendorff.dk\/wp-content\/uploads\/2021\/08\/IMG_0798-scaled.jpg?resize=1920%2C1440&amp;ssl=1 1920w, https:\/\/i0.wp.com\/www.hochendorff.dk\/wp-content\/uploads\/2021\/08\/IMG_0798-scaled.jpg?w=2400&amp;ssl=1 2400w, https:\/\/i0.wp.com\/www.hochendorff.dk\/wp-content\/uploads\/2021\/08\/IMG_0798-scaled.jpg?fit=2560%2C1920&amp;ssl=1 2560w\" sizes=\"(max-width: 800px) 100vw, 600px\" \/><\/noscript><img data-recalc-dims=\"1\" decoding=\"async\" width=\"1200\" height=\"900\" src=\"https:\/\/i0.wp.com\/www.naturestone.dk\/wp-content\/uploads\/2021\/08\/IMG_0798-scaled.jpg?resize=1200%2C900&#038;ssl=1\" alt class=\"img-responsive wp-image-2819 vp-lazyload\" srcset=\"data:image\/svg+xml;base64,PHN2ZyB3aWR0aD0iMjU2MCIgaGVpZ2h0PSIxOTIwIiB2aWV3Qm94PSIwIDAgMjU2MCAxOTIwIiBmaWxsPSJub25lIiB4bWxucz0iaHR0cDovL3d3dy53My5vcmcvMjAwMC9zdmciPjwvc3ZnPg==\" data-src=\"https:\/\/www.naturestone.dk\/wp-content\/uploads\/2021\/08\/IMG_0798-scaled.jpg\" data-srcset=\"https:\/\/i0.wp.com\/www.hochendorff.dk\/wp-content\/uploads\/2021\/08\/IMG_0798-scaled.jpg?resize=16%2C12&amp;ssl=1 16w, https:\/\/i0.wp.com\/www.hochendorff.dk\/wp-content\/uploads\/2021\/08\/IMG_0798-scaled.jpg?resize=200%2C150&amp;ssl=1 200w, https:\/\/i0.wp.com\/www.hochendorff.dk\/wp-content\/uploads\/2021\/08\/IMG_0798-scaled.jpg?resize=300%2C225&amp;ssl=1 300w, https:\/\/i0.wp.com\/www.hochendorff.dk\/wp-content\/uploads\/2021\/08\/IMG_0798-scaled.jpg?resize=400%2C300&amp;ssl=1 400w, https:\/\/i0.wp.com\/www.hochendorff.dk\/wp-content\/uploads\/2021\/08\/IMG_0798-scaled.jpg?resize=500%2C375&amp;ssl=1 500w, https:\/\/i0.wp.com\/www.hochendorff.dk\/wp-content\/uploads\/2021\/08\/IMG_0798-scaled.jpg?resize=600%2C450&amp;ssl=1 600w, https:\/\/i0.wp.com\/www.hochendorff.dk\/wp-content\/uploads\/2021\/08\/IMG_0798-scaled.jpg?resize=768%2C576&amp;ssl=1 768w, https:\/\/i0.wp.com\/www.hochendorff.dk\/wp-content\/uploads\/2021\/08\/IMG_0798-scaled.jpg?resize=800%2C600&amp;ssl=1 800w, https:\/\/i0.wp.com\/www.hochendorff.dk\/wp-content\/uploads\/2021\/08\/IMG_0798-scaled.jpg?resize=1024%2C768&amp;ssl=1 1024w, https:\/\/i0.wp.com\/www.hochendorff.dk\/wp-content\/uploads\/2021\/08\/IMG_0798-scaled.jpg?resize=1200%2C900&amp;ssl=1 1200w, https:\/\/i0.wp.com\/www.hochendorff.dk\/wp-content\/uploads\/2021\/08\/IMG_0798-scaled.jpg?resize=1280%2C960&amp;ssl=1 1280w, https:\/\/i0.wp.com\/www.hochendorff.dk\/wp-content\/uploads\/2021\/08\/IMG_0798-scaled.jpg?resize=1536%2C1152&amp;ssl=1 1536w, https:\/\/i0.wp.com\/www.hochendorff.dk\/wp-content\/uploads\/2021\/08\/IMG_0798-scaled.jpg?resize=1920%2C1440&amp;ssl=1 1920w, https:\/\/i0.wp.com\/www.hochendorff.dk\/wp-content\/uploads\/2021\/08\/IMG_0798-scaled.jpg?w=2400&amp;ssl=1 2400w, https:\/\/i0.wp.com\/www.hochendorff.dk\/wp-content\/uploads\/2021\/08\/IMG_0798-scaled.jpg?fit=2560%2C1920&amp;ssl=1 2560w\" data-sizes=\"auto\" loading=\"eager\"><\/a><\/span><\/div><div class=\"fusion-sep-clear\"><\/div><div class=\"fusion-separator fusion-full-width-sep\" style=\"margin-left: auto;margin-right: auto;margin-top:40px;width:100%;\"><\/div><div class=\"fusion-sep-clear\"><\/div><div class=\"fusion-clearfix\"><\/div><\/div><\/div><\/div><\/div><div class=\"fusion-fullwidth fullwidth-box fusion-builder-row-2 nonhundred-percent-fullwidth non-hundred-percent-height-scrolling\" style=\"--awb-background-position:left top;--awb-border-sizes-top:0px;--awb-border-sizes-bottom:0px;--awb-border-sizes-left:0px;--awb-border-sizes-right:0px;--awb-border-radius-top-left:0px;--awb-border-radius-top-right:0px;--awb-border-radius-bottom-right:0px;--awb-border-radius-bottom-left:0px;--awb-padding-top:150px;--awb-padding-bottom:30px;--awb-flex-wrap:wrap;\" ><div class=\"fusion-builder-row fusion-row\"><div class=\"fusion-layout-column fusion_builder_column fusion-builder-column-2 fusion_builder_column_1_3 1_3 fusion-one-third fusion-column-first\" style=\"--awb-bg-position:right center;--awb-bg-blend:overlay;--awb-bg-size:cover;--awb-border-color:#e0dede;--awb-border-right:3px;--awb-border-style:solid;--awb-margin-bottom:0px;width:30.6666%; margin-right: 4%;\"><div class=\"fusion-column-wrapper fusion-flex-column-wrapper-legacy\"><div class=\"fusion-text fusion-text-4\"><h2 data-fontsize=\"28\" data-lineheight=\"38\">Personlig r\u00e5dgivning<br \/><\/h2>\n<\/div><div class=\"fusion-clearfix\"><\/div><\/div><\/div><div class=\"fusion-layout-column fusion_builder_column fusion-builder-column-3 fusion_builder_column_2_3 2_3 fusion-two-third fusion-column-last\" style=\"--awb-bg-blend:overlay;--awb-bg-size:cover;--awb-margin-bottom:100px;width:65.3333%;\"><div class=\"fusion-column-wrapper fusion-flex-column-wrapper-legacy\"><div class=\"fusion-text fusion-text-5\"><h3 data-fontsize=\"24\" data-lineheight=\"48\"><em>Vores projektafdeling er garant for, den rigtige r\u00e5dgivning i hele processen og vi f\u00f8lger ordren t\u00e6t fra produktion til levering p\u00e5 byggepladsen.<\/em><\/h3>\n<\/div><div class=\"fusion-clearfix\"><\/div><\/div><\/div><\/div><\/div><div class=\"fusion-fullwidth fullwidth-box fusion-builder-row-3 nonhundred-percent-fullwidth non-hundred-percent-height-scrolling\" style=\"--awb-border-radius-top-left:0px;--awb-border-radius-top-right:0px;--awb-border-radius-bottom-right:0px;--awb-border-radius-bottom-left:0px;--awb-flex-wrap:wrap;\" ><div class=\"fusion-builder-row fusion-row\"><div class=\"fusion-layout-column fusion_builder_column fusion-builder-column-4 fusion_builder_column_1_1 1_1 fusion-one-full fusion-column-first fusion-column-last\" style=\"--awb-bg-size:cover;\"><div class=\"fusion-column-wrapper fusion-column-has-shadow fusion-flex-column-wrapper-legacy\"><div class=\"fusion-text fusion-text-6\"><p style=\"font-size: 20px;\" data-fusion-font=\"true\"><a href=\"https:\/\/www.naturestone.dk\/wp-content\/uploads\/2020\/05\/HochendorffSalgOgHandelsbetingelser.pdf\">Download vores salgs og handels betingelser her:<\/a><\/p>\n<\/div><div class=\"fusion-button-wrapper\"><a class=\"fusion-button button-flat fusion-button-default-size button-default fusion-button-default button-1 fusion-button-span-no fusion-button-default-type fusion-animated\" style=\"--button-border-radius-top-left:10px;--button-border-radius-top-right:10px;--button-border-radius-bottom-right:10px;--button-border-radius-bottom-left:10px;\" data-animationType=\"fadeIn\" data-animationDuration=\"1.0\" data-animationOffset=\"top-into-view\" target=\"_self\" href=\"https:\/\/www.hochendorff.dk\/wp-content\/uploads\/2020\/05\/HochendorffSalgOgHandelsbetingelser.pdf\"><span class=\"fusion-button-text awb-button__text awb-button__text--default\">Download<\/span><\/a><\/div><div class=\"fusion-clearfix\"><\/div><\/div><\/div><\/div><\/div><\/p>\n","protected":false},"excerpt":{"rendered":"","protected":false},"author":1,"featured_media":0,"parent":0,"menu_order":0,"comment_status":"closed","ping_status":"closed","template":"100-width.php","meta":{"_crdt_document":"","_vp_format_video_url":"","_vp_image_focal_point":[],"footnotes":""},"class_list":["post-16","page","type-page","status-publish","hentry"],"yoast_head":"<!-- This site is optimized with the Yoast SEO plugin v27.5 - https:\/\/yoast.com\/product\/yoast-seo-wordpress\/ -->\n<title>OM OS - H\u00f8chendorff<\/title>\n<meta name=\"description\" content=\"Om os - H\u00f8chendorff, leverand\u00f8r af naturstens materialer til hele Danmark. Her kan du finde informationer om os\" \/>\n<meta name=\"robots\" content=\"index, follow, max-snippet:-1, max-image-preview:large, max-video-preview:-1\" \/>\n<link rel=\"canonical\" href=\"https:\/\/www.hochendorff.dk\/en\/om-os\/\" \/>\n<meta property=\"og:locale\" content=\"en_US\" \/>\n<meta property=\"og:type\" content=\"article\" \/>\n<meta property=\"og:title\" content=\"OM OS - H\u00f8chendorff\" \/>\n<meta property=\"og:description\" content=\"Om os - H\u00f8chendorff, leverand\u00f8r af naturstens materialer til hele Danmark. Her kan du finde informationer om os\" \/>\n<meta property=\"og:url\" content=\"https:\/\/www.hochendorff.dk\/en\/om-os\/\" \/>\n<meta property=\"og:site_name\" content=\"H\u00f8chendorff\" \/>\n<meta property=\"article:publisher\" content=\"https:\/\/www.facebook.com\/hochendorff\/\" \/>\n<meta property=\"article:modified_time\" content=\"2026-01-07T13:36:20+00:00\" \/>\n<meta name=\"twitter:card\" content=\"summary_large_image\" \/>\n<meta name=\"twitter:label1\" content=\"Est. reading time\" \/>\n\t<meta name=\"twitter:data1\" content=\"2 minutes\" \/>\n<script type=\"application\/ld+json\" class=\"yoast-schema-graph\">{\"@context\":\"https:\\\/\\\/schema.org\",\"@graph\":[{\"@type\":\"WebPage\",\"@id\":\"https:\\\/\\\/www.hochendorff.dk\\\/om-os\\\/\",\"url\":\"https:\\\/\\\/www.hochendorff.dk\\\/om-os\\\/\",\"name\":\"OM OS - H\u00f8chendorff\",\"isPartOf\":{\"@id\":\"https:\\\/\\\/www.hochendorff.dk\\\/#website\"},\"datePublished\":\"2020-02-09T04:51:50+00:00\",\"dateModified\":\"2026-01-07T13:36:20+00:00\",\"description\":\"Om os - H\u00f8chendorff, leverand\u00f8r af naturstens materialer til hele Danmark. Her kan du finde informationer om os\",\"breadcrumb\":{\"@id\":\"https:\\\/\\\/www.hochendorff.dk\\\/om-os\\\/#breadcrumb\"},\"inLanguage\":\"en-US\",\"potentialAction\":[{\"@type\":\"ReadAction\",\"target\":[\"https:\\\/\\\/www.hochendorff.dk\\\/om-os\\\/\"]}]},{\"@type\":\"BreadcrumbList\",\"@id\":\"https:\\\/\\\/www.hochendorff.dk\\\/om-os\\\/#breadcrumb\",\"itemListElement\":[{\"@type\":\"ListItem\",\"position\":1,\"name\":\"Home\",\"item\":\"https:\\\/\\\/www.hochendorff.dk\\\/\"},{\"@type\":\"ListItem\",\"position\":2,\"name\":\"OM OS\"}]},{\"@type\":\"WebSite\",\"@id\":\"https:\\\/\\\/www.hochendorff.dk\\\/#website\",\"url\":\"https:\\\/\\\/www.hochendorff.dk\\\/\",\"name\":\"H\u00f8chendorff\",\"description\":\"Natursten\",\"publisher\":{\"@id\":\"https:\\\/\\\/www.hochendorff.dk\\\/#organization\"},\"potentialAction\":[{\"@type\":\"SearchAction\",\"target\":{\"@type\":\"EntryPoint\",\"urlTemplate\":\"https:\\\/\\\/www.hochendorff.dk\\\/?s={search_term_string}\"},\"query-input\":{\"@type\":\"PropertyValueSpecification\",\"valueRequired\":true,\"valueName\":\"search_term_string\"}}],\"inLanguage\":\"en-US\"},{\"@type\":\"Organization\",\"@id\":\"https:\\\/\\\/www.hochendorff.dk\\\/#organization\",\"name\":\"H\u00f8chendorff Natursten\",\"url\":\"https:\\\/\\\/www.hochendorff.dk\\\/\",\"logo\":{\"@type\":\"ImageObject\",\"inLanguage\":\"en-US\",\"@id\":\"https:\\\/\\\/www.hochendorff.dk\\\/#\\\/schema\\\/logo\\\/image\\\/\",\"url\":\"https:\\\/\\\/i0.wp.com\\\/www.naturestone.dk\\\/wp-content\\\/uploads\\\/2023\\\/12\\\/cropped-favicon-Hochendorff-Natursten-1.png?fit=512%2C512&ssl=1\",\"contentUrl\":\"https:\\\/\\\/i0.wp.com\\\/www.naturestone.dk\\\/wp-content\\\/uploads\\\/2023\\\/12\\\/cropped-favicon-Hochendorff-Natursten-1.png?fit=512%2C512&ssl=1\",\"width\":512,\"height\":512,\"caption\":\"H\u00f8chendorff Natursten\"},\"image\":{\"@id\":\"https:\\\/\\\/www.hochendorff.dk\\\/#\\\/schema\\\/logo\\\/image\\\/\"},\"sameAs\":[\"https:\\\/\\\/www.facebook.com\\\/hochendorff\\\/\",\"https:\\\/\\\/www.instagram.com\\\/hoechendorff\\\/?hl=en\"]}]}<\/script>\n<!-- \/ Yoast SEO plugin. -->","yoast_head_json":{"title":"OM OS - H\u00f8chendorff","description":"Om os - H\u00f8chendorff, leverand\u00f8r af naturstens materialer til hele Danmark. Her kan du finde informationer om os","robots":{"index":"index","follow":"follow","max-snippet":"max-snippet:-1","max-image-preview":"max-image-preview:large","max-video-preview":"max-video-preview:-1"},"canonical":"https:\/\/www.hochendorff.dk\/en\/om-os\/","og_locale":"en_US","og_type":"article","og_title":"OM OS - H\u00f8chendorff","og_description":"Om os - H\u00f8chendorff, leverand\u00f8r af naturstens materialer til hele Danmark. Her kan du finde informationer om os","og_url":"https:\/\/www.hochendorff.dk\/en\/om-os\/","og_site_name":"H\u00f8chendorff","article_publisher":"https:\/\/www.facebook.com\/hochendorff\/","article_modified_time":"2026-01-07T13:36:20+00:00","twitter_card":"summary_large_image","twitter_misc":{"Est. reading time":"2 minutes"},"schema":{"@context":"https:\/\/schema.org","@graph":[{"@type":"WebPage","@id":"https:\/\/www.hochendorff.dk\/om-os\/","url":"https:\/\/www.hochendorff.dk\/om-os\/","name":"OM OS - H\u00f8chendorff","isPartOf":{"@id":"https:\/\/www.hochendorff.dk\/#website"},"datePublished":"2020-02-09T04:51:50+00:00","dateModified":"2026-01-07T13:36:20+00:00","description":"Om os - H\u00f8chendorff, leverand\u00f8r af naturstens materialer til hele Danmark. Her kan du finde informationer om os","breadcrumb":{"@id":"https:\/\/www.hochendorff.dk\/om-os\/#breadcrumb"},"inLanguage":"en-US","potentialAction":[{"@type":"ReadAction","target":["https:\/\/www.hochendorff.dk\/om-os\/"]}]},{"@type":"BreadcrumbList","@id":"https:\/\/www.hochendorff.dk\/om-os\/#breadcrumb","itemListElement":[{"@type":"ListItem","position":1,"name":"Home","item":"https:\/\/www.hochendorff.dk\/"},{"@type":"ListItem","position":2,"name":"OM OS"}]},{"@type":"WebSite","@id":"https:\/\/www.hochendorff.dk\/#website","url":"https:\/\/www.hochendorff.dk\/","name":"H\u00f8chendorff","description":"Natursten","publisher":{"@id":"https:\/\/www.hochendorff.dk\/#organization"},"potentialAction":[{"@type":"SearchAction","target":{"@type":"EntryPoint","urlTemplate":"https:\/\/www.hochendorff.dk\/?s={search_term_string}"},"query-input":{"@type":"PropertyValueSpecification","valueRequired":true,"valueName":"search_term_string"}}],"inLanguage":"en-US"},{"@type":"Organization","@id":"https:\/\/www.hochendorff.dk\/#organization","name":"H\u00f8chendorff Natursten","url":"https:\/\/www.hochendorff.dk\/","logo":{"@type":"ImageObject","inLanguage":"en-US","@id":"https:\/\/www.hochendorff.dk\/#\/schema\/logo\/image\/","url":"https:\/\/i0.wp.com\/www.naturestone.dk\/wp-content\/uploads\/2023\/12\/cropped-favicon-Hochendorff-Natursten-1.png?fit=512%2C512&ssl=1","contentUrl":"https:\/\/i0.wp.com\/www.naturestone.dk\/wp-content\/uploads\/2023\/12\/cropped-favicon-Hochendorff-Natursten-1.png?fit=512%2C512&ssl=1","width":512,"height":512,"caption":"H\u00f8chendorff Natursten"},"image":{"@id":"https:\/\/www.hochendorff.dk\/#\/schema\/logo\/image\/"},"sameAs":["https:\/\/www.facebook.com\/hochendorff\/","https:\/\/www.instagram.com\/hoechendorff\/?hl=en"]}]}},"_links":{"self":[{"href":"https:\/\/www.hochendorff.dk\/en\/wp-json\/wp\/v2\/pages\/16","targetHints":{"allow":["GET"]}}],"collection":[{"href":"https:\/\/www.hochendorff.dk\/en\/wp-json\/wp\/v2\/pages"}],"about":[{"href":"https:\/\/www.hochendorff.dk\/en\/wp-json\/wp\/v2\/types\/page"}],"author":[{"embeddable":true,"href":"https:\/\/www.hochendorff.dk\/en\/wp-json\/wp\/v2\/users\/1"}],"replies":[{"embeddable":true,"href":"https:\/\/www.hochendorff.dk\/en\/wp-json\/wp\/v2\/comments?post=16"}],"version-history":[{"count":18,"href":"https:\/\/www.hochendorff.dk\/en\/wp-json\/wp\/v2\/pages\/16\/revisions"}],"predecessor-version":[{"id":4806,"href":"https:\/\/www.hochendorff.dk\/en\/wp-json\/wp\/v2\/pages\/16\/revisions\/4806"}],"wp:attachment":[{"href":"https:\/\/www.hochendorff.dk\/en\/wp-json\/wp\/v2\/media?parent=16"}],"curies":[{"name":"wp","href":"https:\/\/api.w.org\/{rel}","templated":true}]}}